{"id":73,"date":"2017-12-19T23:39:09","date_gmt":"2017-12-19T23:39:09","guid":{"rendered":"http:\/\/snowpark.obereggen.local\/?page_id=73"},"modified":"2025-12-14T15:42:55","modified_gmt":"2025-12-14T14:42:55","slug":"snowpark","status":"publish","type":"page","link":"https:\/\/snowpark.latemar.it\/de\/snowpark\/","title":{"rendered":"Snowpark"},"content":{"rendered":"<p>Der &#8222;Latemar Snowpark&#8220; geh\u00f6rt seit \u00fcber 20 Jahren zu den gr\u00f6\u00dften und besten Fun- &amp; Snowparks Italiens und bietet Spa\u00df und Vergn\u00fcgen f\u00fcr Parkneulinge und Profis. Der Park, befindet sich an der Pampeago-Piste, die vom Obereggen-Lift bedient wird. Geplant und betreut wird der Snowpark von F-TECH, einem der bedeutesten Park-Bauern des Alpenraums. Durch professionelle Betreuung und Pflege wird ein hoher Qualit\u00e4ts- und Sicherheitsstandard garantiert. Die Instandhaltung des Parks erfolgt t\u00e4glich mit Pistenraupe und Handarbeit. Zudem k\u00fcmmern sich die Shaper um gute Musik im parkeigenen Clubhouse mit Chillarea.<\/p>\n<div class=\"contains-obereggen-snowpark-status shows-snowpark\" style=\"display: none;\">\n    \n    <div class=\"contains-logo\">\n\t\t<img decoding=\"async\" src=\"\/wp-content\/plugins\/obereggen-snowpark-manager\/parts\/..\/images\/logo-snowpark.png\" alt=\"Obereggen Snowpark\" class=\"logo\" \/>\n\t<\/div>\n\t\n\t    <div class=\"contains-parks\">\n        \t<h2>SNOWPARK<\/h2>\n        \t\n        <div class=\"contains-park contains-snowpark\">\n            <img decoding=\"async\" src=\"\/wp-content\/plugins\/obereggen-snowpark-manager\/parts\/..\/images\/obereggen-snowpark.jpg\" \/>\n            <div class=\"contains-pins\">\n                <div data-id=\"1\" data-level=\"kids\" data-status=\"open\" class=\"pin is-open kids-level\" style=\"top: 52.125280%; left: 92.452830%;\" title=\"Kids Park\"><div class=\"contains-name\"><div class=\"name\">Kids Park<\/div><\/div><\/div><div data-id=\"2\" data-level=\"easy\" data-status=\"open\" class=\"pin is-open easy-level\" style=\"top: 26.174497%; left: 86.603774%;\" title=\"Up Box 3m\"><div class=\"contains-name\"><div class=\"name\">Up Box 3m<\/div><\/div><\/div><div data-id=\"3\" data-level=\"easy\" data-status=\"open\" class=\"pin is-open easy-level\" style=\"top: 35.794183%; left: 85.188679%;\" title=\"Fun Tube\"><div class=\"contains-name\"><div class=\"name\">Fun Tube<\/div><\/div><\/div><div data-id=\"4\" data-level=\"easy\" data-status=\"open\" class=\"pin is-open easy-level\" style=\"top: 35.794183%; left: 87.075472%;\" title=\"Butterbox 4m\"><div class=\"contains-name\"><div class=\"name\">Butterbox 4m<\/div><\/div><\/div><div data-id=\"5\" data-level=\"easy\" data-status=\"open\" class=\"pin is-open easy-level\" style=\"top: 54.138702%; left: 76.132075%;\" title=\"Rainbow Box\"><div class=\"contains-name\"><div class=\"name\">Rainbow Box<\/div><\/div><\/div><div data-id=\"6\" data-level=\"easy\" data-status=\"open\" class=\"pin is-open easy-level\" style=\"top: 53.243848%; left: 80.188679%;\" title=\"Kicker small\"><div class=\"contains-name\"><div class=\"name\">Kicker small<\/div><\/div><\/div><div data-id=\"7\" data-level=\"easy\" data-status=\"open\" class=\"pin is-open easy-level\" style=\"top: 68.232662%; left: 57.641509%;\" title=\"Butterbox kinked\"><div class=\"contains-name\"><div class=\"name\">Butterbox kinked<\/div><\/div><\/div><div data-id=\"8\" data-level=\"easy\" data-status=\"open\" class=\"pin is-open easy-level\" style=\"top: 69.798658%; left: 45.283019%;\" title=\"Kicker small\"><div class=\"contains-name\"><div class=\"name\">Kicker small<\/div><\/div><\/div><div data-id=\"9\" data-level=\"easy\" data-status=\"open\" class=\"pin is-open easy-level\" style=\"top: 76.062640%; left: 32.452830%;\" title=\"Rainbow Box\"><div class=\"contains-name\"><div class=\"name\">Rainbow Box<\/div><\/div><\/div><div data-id=\"10\" data-level=\"easy\" data-status=\"open\" class=\"pin is-open easy-level\" style=\"top: 82.774049%; left: 19.056604%;\" title=\"Butterbox Wave\"><div class=\"contains-name\"><div class=\"name\">Butterbox Wave<\/div><\/div><\/div><div data-id=\"11\" data-level=\"medium\" data-status=\"open\" class=\"pin is-open medium-level\" style=\"top: 23.489933%; left: 82.075472%;\" title=\"Down Rail 6m\"><div class=\"contains-name\"><div class=\"name\">Down Rail 6m<\/div><\/div><\/div><div data-id=\"12\" data-level=\"medium\" data-status=\"open\" class=\"pin is-open medium-level\" style=\"top: 32.662192%; left: 77.169811%;\" title=\"Roller\"><div class=\"contains-name\"><div class=\"name\">Roller<\/div><\/div><\/div><div data-id=\"13\" data-level=\"medium\" data-status=\"open\" class=\"pin is-open medium-level\" style=\"top: 33.557047%; left: 79.245283%;\" title=\"Kinked Tank\"><div class=\"contains-name\"><div class=\"name\">Kinked Tank<\/div><\/div><\/div><div data-id=\"14\" data-level=\"medium\" data-status=\"open\" class=\"pin is-open medium-level\" style=\"top: 41.387025%; left: 69.811321%;\" title=\"Tear Drop\"><div class=\"contains-name\"><div class=\"name\">Tear Drop<\/div><\/div><\/div><div data-id=\"15\" data-level=\"medium\" data-status=\"open\" class=\"pin is-open medium-level\" style=\"top: 43.847875%; left: 73.301887%;\" title=\"Starship\"><div class=\"contains-name\"><div class=\"name\">Starship<\/div><\/div><\/div><div data-id=\"16\" data-level=\"medium\" data-status=\"open\" class=\"pin is-open medium-level\" style=\"top: 45.413870%; left: 75.471698%;\" title=\"Rookie Rail\"><div class=\"contains-name\"><div class=\"name\">Rookie Rail<\/div><\/div><\/div><div data-id=\"17\" data-level=\"medium\" data-status=\"open\" class=\"pin is-open medium-level\" style=\"top: 51.006711%; left: 55.754717%;\" title=\"DFD Postbox\"><div class=\"contains-name\"><div class=\"name\">DFD Postbox<\/div><\/div><\/div><div data-id=\"18\" data-level=\"medium\" data-status=\"open\" class=\"pin is-open medium-level\" style=\"top: 54.586130%; left: 59.339623%;\" title=\"Down Rail 9m\"><div class=\"contains-name\"><div class=\"name\">Down Rail 9m<\/div><\/div><\/div><div data-id=\"19\" data-level=\"medium\" data-status=\"open\" class=\"pin is-open medium-level\" style=\"top: 61.968680%; left: 58.018868%;\" title=\"Fun Tube\"><div class=\"contains-name\"><div class=\"name\">Fun Tube<\/div><\/div><\/div><div data-id=\"20\" data-level=\"medium\" data-status=\"open\" class=\"pin is-open medium-level\" style=\"top: 63.758389%; left: 44.622642%;\" title=\"Fun Tube 5m\"><div class=\"contains-name\"><div class=\"name\">Fun Tube 5m<\/div><\/div><\/div><div data-id=\"21\" data-level=\"medium\" data-status=\"open\" class=\"pin is-open medium-level\" style=\"top: 67.114094%; left: 32.735849%;\" title=\"Tank 8m\"><div class=\"contains-name\"><div class=\"name\">Tank 8m<\/div><\/div><\/div><div data-id=\"22\" data-level=\"medium\" data-status=\"open\" class=\"pin is-open medium-level\" style=\"top: 72.930649%; left: 18.867925%;\" title=\"Rainbow Rail\"><div class=\"contains-name\"><div class=\"name\">Rainbow Rail<\/div><\/div><\/div><div data-id=\"23\" data-level=\"medium\" data-status=\"open\" class=\"pin is-open medium-level\" style=\"top: 82.774049%; left: 6.037736%;\" title=\"S-Rail\"><div class=\"contains-name\"><div class=\"name\">S-Rail<\/div><\/div><\/div><div data-id=\"24\" data-level=\"medium\" data-status=\"open\" class=\"pin is-open medium-level\" style=\"top: 20.581655%; left: 76.037736%;\" title=\"Kicker 9.5m\"><div class=\"contains-name\"><div class=\"name\">Kicker 9.5m<\/div><\/div><\/div><div data-id=\"25\" data-level=\"pro\" data-status=\"open\" class=\"pin is-open pro-level\" style=\"top: 36.689038%; left: 62.264151%;\" title=\"Kicker 16.5m\"><div class=\"contains-name\"><div class=\"name\">Kicker 16.5m<\/div><\/div><\/div><div data-id=\"26\" data-level=\"pro\" data-status=\"open\" class=\"pin is-open pro-level\" style=\"top: 58.612975%; left: 48.867925%;\" title=\"Booster Rail\"><div class=\"contains-name\"><div class=\"name\">Booster Rail<\/div><\/div><\/div><div data-id=\"27\" data-level=\"pro\" data-status=\"open\" class=\"pin is-open pro-level\" style=\"top: 48.098434%; left: 44.339623%;\" title=\"27 Kinked Rail\"><div class=\"contains-name\"><div class=\"name\">27 Kinked Rail<\/div><\/div><\/div><div data-id=\"28\" data-level=\"pro\" data-status=\"open\" class=\"pin is-open pro-level\" style=\"top: 50.782998%; left: 37.547170%;\" title=\"Mila Special\"><div class=\"contains-name\"><div class=\"name\">Mila Special<\/div><\/div><\/div><div data-id=\"29\" data-level=\"pro\" data-status=\"open\" class=\"pin is-open pro-level\" style=\"top: 58.612975%; left: 30.849057%;\" title=\"Down Rail 6m\"><div class=\"contains-name\"><div class=\"name\">Down Rail 6m<\/div><\/div><\/div>            <\/div>\n        <\/div>\n        \n        <ul class=\"contains-status\">\n                        <li class=\"open\" data-status=\"open\">\n                                                                    <span class=\"short\">29 GE\u00d6FFNET<\/span>\n                    <span class=\"large\">29 GE\u00d6FFNETE STRUKTUREN<\/span>\n                            <\/li>\n            \n                        <li class=\"closed\" data-status=\"closed\">\n                                    <span class=\"short\">0 GESCHLOSSEN<\/span>\n                    <span class=\"large\">KEINE GESCHLOSSENE STRUKTUR<\/s<\/span>\n                                                            <\/li>\n        <\/ul>\n    \n\t\t<div class=\"contains-list\">\n\t\t    <ul class=\"contains-legend\">\n\t\t        <li class=\"kids-level\" data-level=\"kids\"><span>KIDS<\/span><\/li>\n\t\t        <li class=\"easy-level\" data-level=\"easy\"><span>EASY<\/span><\/li>\n\t\t        <li class=\"medium-level\" data-level=\"medium\"><span>MEDIUM<\/span><\/li>\n\t\t        <li class=\"pro-level\" data-level=\"pro\"><span>PRO<\/span><\/li>\n\t\t    <\/ul>\n            <div class=\"contains-snowpark\">\n                <ul>\n                    <li data-id=\"1\" class=\"is-open kids-level\"><span>Kids Park<\/span><\/li><li data-id=\"2\" class=\"is-open easy-level\"><span>Up Box 3m<\/span><\/li><li data-id=\"3\" class=\"is-open easy-level\"><span>Fun Tube<\/span><\/li><li data-id=\"4\" class=\"is-open easy-level\"><span>Butterbox 4m<\/span><\/li><li data-id=\"5\" class=\"is-open easy-level\"><span>Rainbow Box<\/span><\/li><li data-id=\"6\" class=\"is-open easy-level\"><span>Kicker small<\/span><\/li><li data-id=\"7\" class=\"is-open easy-level\"><span>Butterbox kinked<\/span><\/li><li data-id=\"8\" class=\"is-open easy-level\"><span>Kicker small<\/span><\/li><li data-id=\"9\" class=\"is-open easy-level\"><span>Rainbow Box<\/span><\/li><li data-id=\"10\" class=\"is-open easy-level\"><span>Butterbox Wave<\/span><\/li><li data-id=\"11\" class=\"is-open medium-level\"><span>Down Rail 6m<\/span><\/li><li data-id=\"12\" class=\"is-open medium-level\"><span>Roller<\/span><\/li><li data-id=\"13\" class=\"is-open medium-level\"><span>Kinked Tank<\/span><\/li><li data-id=\"14\" class=\"is-open medium-level\"><span>Tear Drop<\/span><\/li><li data-id=\"15\" class=\"is-open medium-level\"><span>Starship<\/span><\/li><li data-id=\"16\" class=\"is-open medium-level\"><span>Rookie Rail<\/span><\/li><li data-id=\"17\" class=\"is-open medium-level\"><span>DFD Postbox<\/span><\/li><li data-id=\"18\" class=\"is-open medium-level\"><span>Down Rail 9m<\/span><\/li><li data-id=\"19\" class=\"is-open medium-level\"><span>Fun Tube<\/span><\/li><li data-id=\"20\" class=\"is-open medium-level\"><span>Fun Tube 5m<\/span><\/li><li data-id=\"21\" class=\"is-open medium-level\"><span>Tank 8m<\/span><\/li><li data-id=\"22\" class=\"is-open medium-level\"><span>Rainbow Rail<\/span><\/li><li data-id=\"23\" class=\"is-open medium-level\"><span>S-Rail<\/span><\/li><li data-id=\"24\" class=\"is-open medium-level\"><span>Kicker 9.5m<\/span><\/li><li data-id=\"25\" class=\"is-open pro-level\"><span>Kicker 16.5m<\/span><\/li><li data-id=\"26\" class=\"is-open pro-level\"><span>Booster Rail<\/span><\/li><li data-id=\"27\" class=\"is-open pro-level\"><span>27 Kinked Rail<\/span><\/li><li data-id=\"28\" class=\"is-open pro-level\"><span>Mila Special<\/span><\/li><li data-id=\"29\" class=\"is-open pro-level\"><span>Down Rail 6m<\/span><\/li>                <\/ul>\n            <\/div>\n\t\t<\/div>\n    <\/div>\n        \n    \t\n<\/div>\n","protected":false},"excerpt":{"rendered":"<p>Der &#8222;Latemar Snowpark&#8220; geh\u00f6rt seit \u00fcber 20 Jahren zu den gr\u00f6\u00dften und besten Fun- &amp; Snowparks Italiens und bietet Spa\u00df und Vergn\u00fcgen f\u00fcr Parkneulinge und Profis. Der Park, befindet sich an der Pampeago-Piste, die vom Obereggen-Lift bedient wird. Geplant und betreut wird der Snowpark von F-TECH, einem der bedeutesten Park-Bauern des Alpenraums. Durch professionelle Betreuung [&hellip;]<\/p>\n","protected":false},"author":6,"featured_media":723,"parent":0,"menu_order":0,"comment_status":"closed","ping_status":"closed","template":"template-page-with-gallery.php","meta":{"footnotes":""},"class_list":["post-73","page","type-page","status-publish","has-post-thumbnail","hentry","odd"],"yoast_head":"<!-- This site is optimized with the Yoast SEO plugin v26.5 - https:\/\/yoast.com\/wordpress\/plugins\/seo\/ -->\n<title>Snowpark - Obereggen Snowpark<\/title>\n<meta name=\"robots\" content=\"index, follow, max-snippet:-1, max-image-preview:large, max-video-preview:-1\" \/>\n<link rel=\"canonical\" href=\"https:\/\/snowpark.latemar.it\/de\/snowpark\/\" \/>\n<meta property=\"og:locale\" content=\"de_DE\" \/>\n<meta property=\"og:type\" content=\"article\" \/>\n<meta property=\"og:title\" content=\"Snowpark - Obereggen Snowpark\" \/>\n<meta property=\"og:description\" content=\"Der &#8222;Latemar Snowpark&#8220; geh\u00f6rt seit \u00fcber 20 Jahren zu den gr\u00f6\u00dften und besten Fun- &amp; Snowparks Italiens und bietet Spa\u00df und Vergn\u00fcgen f\u00fcr Parkneulinge und Profis. Der Park, befindet sich an der Pampeago-Piste, die vom Obereggen-Lift bedient wird. Geplant und betreut wird der Snowpark von F-TECH, einem der bedeutesten Park-Bauern des Alpenraums. Durch professionelle Betreuung [&hellip;]\" \/>\n<meta property=\"og:url\" content=\"https:\/\/snowpark.latemar.it\/de\/snowpark\/\" \/>\n<meta property=\"og:site_name\" content=\"Obereggen Snowpark\" \/>\n<meta property=\"article:modified_time\" content=\"2025-12-14T14:42:55+00:00\" \/>\n<meta property=\"og:image\" content=\"https:\/\/snowpark.latemar.it\/wp-content\/uploads\/2025\/12\/LAT_ParkRendering_A_LAY01_01-scaled.jpg\" \/>\n\t<meta property=\"og:image:width\" content=\"2560\" \/>\n\t<meta property=\"og:image:height\" content=\"1917\" \/>\n\t<meta property=\"og:image:type\" content=\"image\/jpeg\" \/>\n<meta name=\"twitter:card\" content=\"summary_large_image\" \/>\n<script type=\"application\/ld+json\" class=\"yoast-schema-graph\">{\"@context\":\"https:\/\/schema.org\",\"@graph\":[{\"@type\":\"WebPage\",\"@id\":\"https:\/\/snowpark.latemar.it\/de\/snowpark\/\",\"url\":\"https:\/\/snowpark.latemar.it\/de\/snowpark\/\",\"name\":\"Snowpark - Obereggen Snowpark\",\"isPartOf\":{\"@id\":\"https:\/\/snowpark.latemar.it\/it\/#website\"},\"primaryImageOfPage\":{\"@id\":\"https:\/\/snowpark.latemar.it\/de\/snowpark\/#primaryimage\"},\"image\":{\"@id\":\"https:\/\/snowpark.latemar.it\/de\/snowpark\/#primaryimage\"},\"thumbnailUrl\":\"\/wp-content\/uploads\/2025\/12\/LAT_ParkRendering_A_LAY01_01-scaled.jpg\",\"datePublished\":\"2017-12-19T23:39:09+00:00\",\"dateModified\":\"2025-12-14T14:42:55+00:00\",\"breadcrumb\":{\"@id\":\"https:\/\/snowpark.latemar.it\/de\/snowpark\/#breadcrumb\"},\"inLanguage\":\"de\",\"potentialAction\":[{\"@type\":\"ReadAction\",\"target\":[\"https:\/\/snowpark.latemar.it\/de\/snowpark\/\"]}]},{\"@type\":\"ImageObject\",\"inLanguage\":\"de\",\"@id\":\"https:\/\/snowpark.latemar.it\/de\/snowpark\/#primaryimage\",\"url\":\"\/wp-content\/uploads\/2025\/12\/LAT_ParkRendering_A_LAY01_01-scaled.jpg\",\"contentUrl\":\"\/wp-content\/uploads\/2025\/12\/LAT_ParkRendering_A_LAY01_01-scaled.jpg\",\"width\":2560,\"height\":1917},{\"@type\":\"BreadcrumbList\",\"@id\":\"https:\/\/snowpark.latemar.it\/de\/snowpark\/#breadcrumb\",\"itemListElement\":[{\"@type\":\"ListItem\",\"position\":1,\"name\":\"Home\",\"item\":\"https:\/\/snowpark.latemar.it\/de\/\"},{\"@type\":\"ListItem\",\"position\":2,\"name\":\"Snowpark\"}]},{\"@type\":\"WebSite\",\"@id\":\"https:\/\/snowpark.latemar.it\/it\/#website\",\"url\":\"https:\/\/snowpark.latemar.it\/it\/\",\"name\":\"Obereggen Snowpark\",\"description\":\"Dolomites Snowpark &amp; Nightpark\",\"potentialAction\":[{\"@type\":\"SearchAction\",\"target\":{\"@type\":\"EntryPoint\",\"urlTemplate\":\"https:\/\/snowpark.latemar.it\/it\/?s={search_term_string}\"},\"query-input\":{\"@type\":\"PropertyValueSpecification\",\"valueRequired\":true,\"valueName\":\"search_term_string\"}}],\"inLanguage\":\"de\"}]}<\/script>\n<!-- \/ Yoast SEO plugin. -->","yoast_head_json":{"title":"Snowpark - Obereggen Snowpark","robots":{"index":"index","follow":"follow","max-snippet":"max-snippet:-1","max-image-preview":"max-image-preview:large","max-video-preview":"max-video-preview:-1"},"canonical":"https:\/\/snowpark.latemar.it\/de\/snowpark\/","og_locale":"de_DE","og_type":"article","og_title":"Snowpark - Obereggen Snowpark","og_description":"Der &#8222;Latemar Snowpark&#8220; geh\u00f6rt seit \u00fcber 20 Jahren zu den gr\u00f6\u00dften und besten Fun- &amp; Snowparks Italiens und bietet Spa\u00df und Vergn\u00fcgen f\u00fcr Parkneulinge und Profis. Der Park, befindet sich an der Pampeago-Piste, die vom Obereggen-Lift bedient wird. Geplant und betreut wird der Snowpark von F-TECH, einem der bedeutesten Park-Bauern des Alpenraums. Durch professionelle Betreuung [&hellip;]","og_url":"https:\/\/snowpark.latemar.it\/de\/snowpark\/","og_site_name":"Obereggen Snowpark","article_modified_time":"2025-12-14T14:42:55+00:00","og_image":[{"width":2560,"height":1917,"url":"https:\/\/snowpark.latemar.it\/wp-content\/uploads\/2025\/12\/LAT_ParkRendering_A_LAY01_01-scaled.jpg","type":"image\/jpeg"}],"twitter_card":"summary_large_image","schema":{"@context":"https:\/\/schema.org","@graph":[{"@type":"WebPage","@id":"https:\/\/snowpark.latemar.it\/de\/snowpark\/","url":"https:\/\/snowpark.latemar.it\/de\/snowpark\/","name":"Snowpark - Obereggen Snowpark","isPartOf":{"@id":"https:\/\/snowpark.latemar.it\/it\/#website"},"primaryImageOfPage":{"@id":"https:\/\/snowpark.latemar.it\/de\/snowpark\/#primaryimage"},"image":{"@id":"https:\/\/snowpark.latemar.it\/de\/snowpark\/#primaryimage"},"thumbnailUrl":"\/wp-content\/uploads\/2025\/12\/LAT_ParkRendering_A_LAY01_01-scaled.jpg","datePublished":"2017-12-19T23:39:09+00:00","dateModified":"2025-12-14T14:42:55+00:00","breadcrumb":{"@id":"https:\/\/snowpark.latemar.it\/de\/snowpark\/#breadcrumb"},"inLanguage":"de","potentialAction":[{"@type":"ReadAction","target":["https:\/\/snowpark.latemar.it\/de\/snowpark\/"]}]},{"@type":"ImageObject","inLanguage":"de","@id":"https:\/\/snowpark.latemar.it\/de\/snowpark\/#primaryimage","url":"\/wp-content\/uploads\/2025\/12\/LAT_ParkRendering_A_LAY01_01-scaled.jpg","contentUrl":"\/wp-content\/uploads\/2025\/12\/LAT_ParkRendering_A_LAY01_01-scaled.jpg","width":2560,"height":1917},{"@type":"BreadcrumbList","@id":"https:\/\/snowpark.latemar.it\/de\/snowpark\/#breadcrumb","itemListElement":[{"@type":"ListItem","position":1,"name":"Home","item":"https:\/\/snowpark.latemar.it\/de\/"},{"@type":"ListItem","position":2,"name":"Snowpark"}]},{"@type":"WebSite","@id":"https:\/\/snowpark.latemar.it\/it\/#website","url":"https:\/\/snowpark.latemar.it\/it\/","name":"Obereggen Snowpark","description":"Dolomites Snowpark &amp; Nightpark","potentialAction":[{"@type":"SearchAction","target":{"@type":"EntryPoint","urlTemplate":"https:\/\/snowpark.latemar.it\/it\/?s={search_term_string}"},"query-input":{"@type":"PropertyValueSpecification","valueRequired":true,"valueName":"search_term_string"}}],"inLanguage":"de"}]}},"_links":{"self":[{"href":"https:\/\/snowpark.latemar.it\/de\/wp-json\/wp\/v2\/pages\/73\/"}],"collection":[{"href":"https:\/\/snowpark.latemar.it\/de\/wp-json\/wp\/v2\/pages\/"}],"about":[{"href":"https:\/\/snowpark.latemar.it\/de\/wp-json\/wp\/v2\/types\/page\/"}],"author":[{"embeddable":true,"href":"https:\/\/snowpark.latemar.it\/de\/wp-json\/wp\/v2\/users\/6\/"}],"replies":[{"embeddable":true,"href":"https:\/\/snowpark.latemar.it\/de\/wp-json\/wp\/v2\/comments\/?post=73"}],"version-history":[{"count":0,"href":"https:\/\/snowpark.latemar.it\/de\/wp-json\/wp\/v2\/pages\/73\/revisions\/"}],"wp:featuredmedia":[{"embeddable":true,"href":"https:\/\/snowpark.latemar.it\/de\/wp-json\/wp\/v2\/media\/723\/"}],"wp:attachment":[{"href":"https:\/\/snowpark.latemar.it\/de\/wp-json\/wp\/v2\/media\/?parent=73"}],"curies":[{"name":"wp","href":"https:\/\/api.w.org\/{rel}","templated":true}]}}