{"id":74,"date":"2017-12-19T23:40:17","date_gmt":"2017-12-19T23:40:17","guid":{"rendered":"http:\/\/snowpark.obereggen.local\/?page_id=74"},"modified":"2025-01-29T10:28:24","modified_gmt":"2025-01-29T09:28:24","slug":"nightpark","status":"publish","type":"page","link":"https:\/\/snowpark.latemar.it\/de\/nightpark\/","title":{"rendered":"Nightpark"},"content":{"rendered":"<p><strong>Jeweils Dienstags und Freitags, 19:00 \u2013 22:00 Uhr entlang der Obereggenpiste (2A) und t\u00e4glich von 8:30 \u2013 16:30 Uhr ge\u00f6ffnet.<\/strong><\/p>\n<p>Entlang des neuen Nightparks auf der 1780m langen Obereggen Piste (2a) kannst du nun auch am Abend, jeden Dienstag und Freitag von 19 \u2013 22 Uhr bei Flutlicht deine Tricks auf der neuen Jibline zeigen. L\u00e4ngs der Nachtpiste wird es einzelne \u201cJib Obstacles\u201c geben, welche nicht nur Nachts, sondern auch am Tag ge\u00f6ffnet bleiben und Profis, aber auch Anf\u00e4ngern jede Menge Spa\u00df garantieren. Der von F-TECH geplante und verwirklichte Nightpark wird t\u00e4glich von einem eigenen Team per Hand und maschinell gepflegt. In nur 20 Minuten Fahrzeit von Bozen erreichbar, bietet dieser Nightpark in Obereggen die besten Voraussetzungen f\u00fcr einen Feierabend-Run auf einer spektakul\u00e4ren Jibline.<\/p>\n<div class=\"contains-obereggen-snowpark-status shows-snowpark\" style=\"display: none;\">\n    \n    <div class=\"contains-logo\">\n\t\t<img decoding=\"async\" src=\"\/wp-content\/plugins\/obereggen-snowpark-manager\/parts\/..\/images\/logo-snowpark.png\" alt=\"Obereggen Snowpark\" class=\"logo\" \/>\n\t<\/div>\n\t\n\t    \n        <div class=\"contains-parks\">\n        <h2>NIGHTPARK<\/h2>\n        \n        <div class=\"contains-park contains-nightpark\">\n            <img decoding=\"async\" src=\"\/wp-content\/plugins\/obereggen-snowpark-manager\/parts\/..\/images\/obereggen-nightpark.jpg\" \/>\n            <div class=\"contains-pins\">\n                <div data-id=\"1\" data-level=\"\" data-status=\"open\" class=\"pin is-open undefined-level\" style=\"top: 18.791946%; left: 79.528302%;\" title=\"DFD Post Box\"><div class=\"contains-name\"><div class=\"name\">DFD Post Box<\/div><\/div><\/div><div data-id=\"2\" data-level=\"\" data-status=\"open\" class=\"pin is-open undefined-level\" style=\"top: 19.686801%; left: 74.528302%;\" title=\"Butter Rail\"><div class=\"contains-name\"><div class=\"name\">Butter Rail<\/div><\/div><\/div><div data-id=\"3\" data-level=\"\" data-status=\"open\" class=\"pin is-open undefined-level\" style=\"top: 32.885906%; left: 54.150943%;\" title=\"Knuckle\"><div class=\"contains-name\"><div class=\"name\">Knuckle<\/div><\/div><\/div><div data-id=\"4\" data-level=\"\" data-status=\"open\" class=\"pin is-open undefined-level\" style=\"top: 35.794183%; left: 51.509434%;\" title=\"Down Box\"><div class=\"contains-name\"><div class=\"name\">Down Box<\/div><\/div><\/div><div data-id=\"5\" data-level=\"\" data-status=\"open\" class=\"pin is-open undefined-level\" style=\"top: 40.715884%; left: 50.943396%;\" title=\"Wave Box\"><div class=\"contains-name\"><div class=\"name\">Wave Box<\/div><\/div><\/div><div data-id=\"6\" data-level=\"\" data-status=\"open\" class=\"pin is-open undefined-level\" style=\"top: 49.440716%; left: 41.037736%;\" title=\"Fun Tube\"><div class=\"contains-name\"><div class=\"name\">Fun Tube<\/div><\/div><\/div><div data-id=\"7\" data-level=\"\" data-status=\"closed\" class=\"pin is-closed undefined-level\" style=\"top: 53.691275%; left: 37.547170%;\" title=\"Rainbow Wave Box\"><div class=\"contains-name\"><div class=\"name\">Rainbow Wave Box<\/div><\/div><\/div><div data-id=\"8\" data-level=\"\" data-status=\"closed\" class=\"pin is-closed undefined-level\" style=\"top: 86.800895%; left: 15.471698%;\" title=\"Straight Tube\"><div class=\"contains-name\"><div class=\"name\">Straight Tube<\/div><\/div><\/div>            <\/div>\n        <\/div>\n        \n        <ul class=\"contains-status\">\n                        <li class=\"open\" data-status=\"open\">\n                                                                    <span class=\"short\">6 GE\u00d6FFNET<\/span>\n                    <span class=\"large\">6 GE\u00d6FFNETE STRUKTUREN<\/span>\n                            <\/li>\n            \n                        <li class=\"closed\" data-status=\"closed\">\n                                                                    <span class=\"short\">2 GESCHLOSSEN<\/span>\n                    <span class=\"large\">2 GESCHLOSSENE STRUKTUREN<\/span>\n                            <\/li>\n        <\/ul>\n        \n\t\t<div class=\"contains-list\">\n            <div class=\"contains-nightpark\">\n                <ul>\n                    <li data-id=\"1\" class=\"is-open undefined-level\"><span>DFD Post Box<\/span><\/li><li data-id=\"2\" class=\"is-open undefined-level\"><span>Butter Rail<\/span><\/li><li data-id=\"3\" class=\"is-open undefined-level\"><span>Knuckle<\/span><\/li><li data-id=\"4\" class=\"is-open undefined-level\"><span>Down Box<\/span><\/li><li data-id=\"5\" class=\"is-open undefined-level\"><span>Wave Box<\/span><\/li><li data-id=\"6\" class=\"is-open undefined-level\"><span>Fun Tube<\/span><\/li><li data-id=\"7\" class=\"is-closed undefined-level\"><span>Rainbow Wave Box<\/span><\/li><li data-id=\"8\" class=\"is-closed undefined-level\"><span>Straight Tube<\/span><\/li>                <\/ul>\n            <\/div>\n\t\t<\/div>\n\t<\/div>\n\t\t\n<\/div>\n","protected":false},"excerpt":{"rendered":"<p>Jeweils Dienstags und Freitags, 19:00 \u2013 22:00 Uhr entlang der Obereggenpiste (2A) und t\u00e4glich von 8:30 \u2013 16:30 Uhr ge\u00f6ffnet. Entlang des neuen Nightparks auf der 1780m langen Obereggen Piste (2a) kannst du nun auch am Abend, jeden Dienstag und Freitag von 19 \u2013 22 Uhr bei Flutlicht deine Tricks auf der neuen Jibline zeigen. [&hellip;]<\/p>\n","protected":false},"author":6,"featured_media":669,"parent":0,"menu_order":0,"comment_status":"closed","ping_status":"closed","template":"template-page-with-gallery.php","meta":{"footnotes":""},"class_list":["post-74","page","type-page","status-publish","has-post-thumbnail","hentry","odd"],"yoast_head":"<!-- This site is optimized with the Yoast SEO plugin v26.5 - https:\/\/yoast.com\/wordpress\/plugins\/seo\/ -->\n<title>Nightpark - Obereggen Snowpark<\/title>\n<meta name=\"robots\" content=\"index, follow, max-snippet:-1, max-image-preview:large, max-video-preview:-1\" \/>\n<link rel=\"canonical\" href=\"https:\/\/snowpark.latemar.it\/de\/nightpark\/\" \/>\n<meta property=\"og:locale\" content=\"de_DE\" \/>\n<meta property=\"og:type\" content=\"article\" \/>\n<meta property=\"og:title\" content=\"Nightpark - Obereggen Snowpark\" \/>\n<meta property=\"og:description\" content=\"Jeweils Dienstags und Freitags, 19:00 \u2013 22:00 Uhr entlang der Obereggenpiste (2A) und t\u00e4glich von 8:30 \u2013 16:30 Uhr ge\u00f6ffnet. Entlang des neuen Nightparks auf der 1780m langen Obereggen Piste (2a) kannst du nun auch am Abend, jeden Dienstag und Freitag von 19 \u2013 22 Uhr bei Flutlicht deine Tricks auf der neuen Jibline zeigen. [&hellip;]\" \/>\n<meta property=\"og:url\" content=\"https:\/\/snowpark.latemar.it\/de\/nightpark\/\" \/>\n<meta property=\"og:site_name\" content=\"Obereggen Snowpark\" \/>\n<meta property=\"article:modified_time\" content=\"2025-01-29T09:28:24+00:00\" \/>\n<meta property=\"og:image\" content=\"https:\/\/snowpark.latemar.it\/wp-content\/uploads\/2025\/01\/LATEMAR_Nightpark_F-TECH_008-scaled.jpg\" \/>\n\t<meta property=\"og:image:width\" content=\"2560\" \/>\n\t<meta property=\"og:image:height\" content=\"1707\" \/>\n\t<meta property=\"og:image:type\" content=\"image\/jpeg\" \/>\n<meta name=\"twitter:card\" content=\"summary_large_image\" \/>\n<meta name=\"twitter:label1\" content=\"Gesch\u00e4tzte Lesezeit\" \/>\n\t<meta name=\"twitter:data1\" content=\"1\u00a0Minute\" \/>\n<script type=\"application\/ld+json\" class=\"yoast-schema-graph\">{\"@context\":\"https:\/\/schema.org\",\"@graph\":[{\"@type\":\"WebPage\",\"@id\":\"https:\/\/snowpark.latemar.it\/de\/nightpark\/\",\"url\":\"https:\/\/snowpark.latemar.it\/de\/nightpark\/\",\"name\":\"Nightpark - Obereggen Snowpark\",\"isPartOf\":{\"@id\":\"https:\/\/snowpark.latemar.it\/it\/#website\"},\"primaryImageOfPage\":{\"@id\":\"https:\/\/snowpark.latemar.it\/de\/nightpark\/#primaryimage\"},\"image\":{\"@id\":\"https:\/\/snowpark.latemar.it\/de\/nightpark\/#primaryimage\"},\"thumbnailUrl\":\"\/wp-content\/uploads\/2025\/01\/LATEMAR_Nightpark_F-TECH_008-scaled.jpg\",\"datePublished\":\"2017-12-19T23:40:17+00:00\",\"dateModified\":\"2025-01-29T09:28:24+00:00\",\"breadcrumb\":{\"@id\":\"https:\/\/snowpark.latemar.it\/de\/nightpark\/#breadcrumb\"},\"inLanguage\":\"de\",\"potentialAction\":[{\"@type\":\"ReadAction\",\"target\":[\"https:\/\/snowpark.latemar.it\/de\/nightpark\/\"]}]},{\"@type\":\"ImageObject\",\"inLanguage\":\"de\",\"@id\":\"https:\/\/snowpark.latemar.it\/de\/nightpark\/#primaryimage\",\"url\":\"\/wp-content\/uploads\/2025\/01\/LATEMAR_Nightpark_F-TECH_008-scaled.jpg\",\"contentUrl\":\"\/wp-content\/uploads\/2025\/01\/LATEMAR_Nightpark_F-TECH_008-scaled.jpg\",\"width\":2560,\"height\":1707},{\"@type\":\"BreadcrumbList\",\"@id\":\"https:\/\/snowpark.latemar.it\/de\/nightpark\/#breadcrumb\",\"itemListElement\":[{\"@type\":\"ListItem\",\"position\":1,\"name\":\"Home\",\"item\":\"https:\/\/snowpark.latemar.it\/de\/\"},{\"@type\":\"ListItem\",\"position\":2,\"name\":\"Nightpark\"}]},{\"@type\":\"WebSite\",\"@id\":\"https:\/\/snowpark.latemar.it\/it\/#website\",\"url\":\"https:\/\/snowpark.latemar.it\/it\/\",\"name\":\"Obereggen Snowpark\",\"description\":\"Dolomites Snowpark &amp; Nightpark\",\"potentialAction\":[{\"@type\":\"SearchAction\",\"target\":{\"@type\":\"EntryPoint\",\"urlTemplate\":\"https:\/\/snowpark.latemar.it\/it\/?s={search_term_string}\"},\"query-input\":{\"@type\":\"PropertyValueSpecification\",\"valueRequired\":true,\"valueName\":\"search_term_string\"}}],\"inLanguage\":\"de\"}]}<\/script>\n<!-- \/ Yoast SEO plugin. -->","yoast_head_json":{"title":"Nightpark - Obereggen Snowpark","robots":{"index":"index","follow":"follow","max-snippet":"max-snippet:-1","max-image-preview":"max-image-preview:large","max-video-preview":"max-video-preview:-1"},"canonical":"https:\/\/snowpark.latemar.it\/de\/nightpark\/","og_locale":"de_DE","og_type":"article","og_title":"Nightpark - Obereggen Snowpark","og_description":"Jeweils Dienstags und Freitags, 19:00 \u2013 22:00 Uhr entlang der Obereggenpiste (2A) und t\u00e4glich von 8:30 \u2013 16:30 Uhr ge\u00f6ffnet. Entlang des neuen Nightparks auf der 1780m langen Obereggen Piste (2a) kannst du nun auch am Abend, jeden Dienstag und Freitag von 19 \u2013 22 Uhr bei Flutlicht deine Tricks auf der neuen Jibline zeigen. [&hellip;]","og_url":"https:\/\/snowpark.latemar.it\/de\/nightpark\/","og_site_name":"Obereggen Snowpark","article_modified_time":"2025-01-29T09:28:24+00:00","og_image":[{"width":2560,"height":1707,"url":"https:\/\/snowpark.latemar.it\/wp-content\/uploads\/2025\/01\/LATEMAR_Nightpark_F-TECH_008-scaled.jpg","type":"image\/jpeg"}],"twitter_card":"summary_large_image","twitter_misc":{"Gesch\u00e4tzte Lesezeit":"1\u00a0Minute"},"schema":{"@context":"https:\/\/schema.org","@graph":[{"@type":"WebPage","@id":"https:\/\/snowpark.latemar.it\/de\/nightpark\/","url":"https:\/\/snowpark.latemar.it\/de\/nightpark\/","name":"Nightpark - Obereggen Snowpark","isPartOf":{"@id":"https:\/\/snowpark.latemar.it\/it\/#website"},"primaryImageOfPage":{"@id":"https:\/\/snowpark.latemar.it\/de\/nightpark\/#primaryimage"},"image":{"@id":"https:\/\/snowpark.latemar.it\/de\/nightpark\/#primaryimage"},"thumbnailUrl":"\/wp-content\/uploads\/2025\/01\/LATEMAR_Nightpark_F-TECH_008-scaled.jpg","datePublished":"2017-12-19T23:40:17+00:00","dateModified":"2025-01-29T09:28:24+00:00","breadcrumb":{"@id":"https:\/\/snowpark.latemar.it\/de\/nightpark\/#breadcrumb"},"inLanguage":"de","potentialAction":[{"@type":"ReadAction","target":["https:\/\/snowpark.latemar.it\/de\/nightpark\/"]}]},{"@type":"ImageObject","inLanguage":"de","@id":"https:\/\/snowpark.latemar.it\/de\/nightpark\/#primaryimage","url":"\/wp-content\/uploads\/2025\/01\/LATEMAR_Nightpark_F-TECH_008-scaled.jpg","contentUrl":"\/wp-content\/uploads\/2025\/01\/LATEMAR_Nightpark_F-TECH_008-scaled.jpg","width":2560,"height":1707},{"@type":"BreadcrumbList","@id":"https:\/\/snowpark.latemar.it\/de\/nightpark\/#breadcrumb","itemListElement":[{"@type":"ListItem","position":1,"name":"Home","item":"https:\/\/snowpark.latemar.it\/de\/"},{"@type":"ListItem","position":2,"name":"Nightpark"}]},{"@type":"WebSite","@id":"https:\/\/snowpark.latemar.it\/it\/#website","url":"https:\/\/snowpark.latemar.it\/it\/","name":"Obereggen Snowpark","description":"Dolomites Snowpark &amp; Nightpark","potentialAction":[{"@type":"SearchAction","target":{"@type":"EntryPoint","urlTemplate":"https:\/\/snowpark.latemar.it\/it\/?s={search_term_string}"},"query-input":{"@type":"PropertyValueSpecification","valueRequired":true,"valueName":"search_term_string"}}],"inLanguage":"de"}]}},"_links":{"self":[{"href":"https:\/\/snowpark.latemar.it\/de\/wp-json\/wp\/v2\/pages\/74\/"}],"collection":[{"href":"https:\/\/snowpark.latemar.it\/de\/wp-json\/wp\/v2\/pages\/"}],"about":[{"href":"https:\/\/snowpark.latemar.it\/de\/wp-json\/wp\/v2\/types\/page\/"}],"author":[{"embeddable":true,"href":"https:\/\/snowpark.latemar.it\/de\/wp-json\/wp\/v2\/users\/6\/"}],"replies":[{"embeddable":true,"href":"https:\/\/snowpark.latemar.it\/de\/wp-json\/wp\/v2\/comments\/?post=74"}],"version-history":[{"count":0,"href":"https:\/\/snowpark.latemar.it\/de\/wp-json\/wp\/v2\/pages\/74\/revisions\/"}],"wp:featuredmedia":[{"embeddable":true,"href":"https:\/\/snowpark.latemar.it\/de\/wp-json\/wp\/v2\/media\/669\/"}],"wp:attachment":[{"href":"https:\/\/snowpark.latemar.it\/de\/wp-json\/wp\/v2\/media\/?parent=74"}],"curies":[{"name":"wp","href":"https:\/\/api.w.org\/{rel}","templated":true}]}}