{"id":75,"date":"2017-12-19T23:41:35","date_gmt":"2017-12-19T23:41:35","guid":{"rendered":"http:\/\/snowpark.obereggen.local\/?page_id=75"},"modified":"2024-12-23T08:23:14","modified_gmt":"2024-12-23T07:23:14","slug":"nightpark","status":"publish","type":"page","link":"https:\/\/snowpark.latemar.it\/it\/nightpark\/","title":{"rendered":"Nightpark"},"content":{"rendered":"<p><strong>Aperto nelle serate di marted\u00ec e venerd\u00ec, ore 19:00 \u2013 22:00 lungo la pista Obereggen (2A) e tutti i giorni dalle ore 8:30 \u2013 16:30.<\/strong><\/p>\n<p>Ogni marted\u00ec e venerd\u00ec sera ci sar\u00e0 ad aspettarti una jib line perfettamente shepata e mantenuta quotidianamente dalla F-TECH crew. Dalle ore 19 alle ore 22 lungo la pista Obereggen (2a \u2013 lunghezza 1780m) illuminata a giorno, saranno aperte le aree Jib, utilizzabili anche durante il normale orario di apertura degli impianti con strutture di tutti i livelli dal beginner al pro! &#8211; A soli 20 minuti di macchina da Bolzano questo Night-Snowpark sar\u00e0 sicuramente una valida alternativa per le serate invernali!<\/p>\n<div class=\"contains-obereggen-snowpark-status shows-snowpark\" style=\"display: none;\">\n    \n    <div class=\"contains-logo\">\n\t\t<img decoding=\"async\" src=\"\/wp-content\/plugins\/obereggen-snowpark-manager\/parts\/..\/images\/logo-snowpark.png\" alt=\"Obereggen Snowpark\" class=\"logo\" \/>\n\t<\/div>\n\t\n\t    \n        <div class=\"contains-parks\">\n        <h2>NIGHTPARK<\/h2>\n        \n        <div class=\"contains-park contains-nightpark\">\n            <img decoding=\"async\" src=\"\/wp-content\/plugins\/obereggen-snowpark-manager\/parts\/..\/images\/obereggen-nightpark.jpg\" \/>\n            <div class=\"contains-pins\">\n                <div data-id=\"1\" data-level=\"\" data-status=\"open\" class=\"pin is-open undefined-level\" style=\"top: 18.791946%; left: 79.528302%;\" title=\"DFD Post Box\"><div class=\"contains-name\"><div class=\"name\">DFD Post Box<\/div><\/div><\/div><div data-id=\"2\" data-level=\"\" data-status=\"open\" class=\"pin is-open undefined-level\" style=\"top: 19.686801%; left: 74.528302%;\" title=\"Butter Rail\"><div class=\"contains-name\"><div class=\"name\">Butter Rail<\/div><\/div><\/div><div data-id=\"3\" data-level=\"\" data-status=\"open\" class=\"pin is-open undefined-level\" style=\"top: 32.885906%; left: 54.150943%;\" title=\"Knuckle\"><div class=\"contains-name\"><div class=\"name\">Knuckle<\/div><\/div><\/div><div data-id=\"4\" data-level=\"\" data-status=\"open\" class=\"pin is-open undefined-level\" style=\"top: 35.794183%; left: 51.509434%;\" title=\"Down Box\"><div class=\"contains-name\"><div class=\"name\">Down Box<\/div><\/div><\/div><div data-id=\"5\" data-level=\"\" data-status=\"open\" class=\"pin is-open undefined-level\" style=\"top: 40.715884%; left: 50.943396%;\" title=\"Wave Box\"><div class=\"contains-name\"><div class=\"name\">Wave Box<\/div><\/div><\/div><div data-id=\"6\" data-level=\"\" data-status=\"open\" class=\"pin is-open undefined-level\" style=\"top: 49.440716%; left: 41.037736%;\" title=\"Fun Tube\"><div class=\"contains-name\"><div class=\"name\">Fun Tube<\/div><\/div><\/div><div data-id=\"7\" data-level=\"\" data-status=\"closed\" class=\"pin is-closed undefined-level\" style=\"top: 53.691275%; left: 37.547170%;\" title=\"Rainbow Wave Box\"><div class=\"contains-name\"><div class=\"name\">Rainbow Wave Box<\/div><\/div><\/div><div data-id=\"8\" data-level=\"\" data-status=\"closed\" class=\"pin is-closed undefined-level\" style=\"top: 86.800895%; left: 15.471698%;\" title=\"Straight Tube\"><div class=\"contains-name\"><div class=\"name\">Straight Tube<\/div><\/div><\/div>            <\/div>\n        <\/div>\n        \n        <ul class=\"contains-status\">\n                        <li class=\"open\" data-status=\"open\">\n                                                                    <span class=\"short\">6 APERTE<\/span>\n                    <span class=\"large\">6 STRUTTURE APERTE<\/span>\n                            <\/li>\n            \n                        <li class=\"closed\" data-status=\"closed\">\n                                                                    <span class=\"short\">2 CHIUSE<\/span>\n                    <span class=\"large\">2 STRUTTURE CHIUSE<\/span>\n                            <\/li>\n        <\/ul>\n        \n\t\t<div class=\"contains-list\">\n            <div class=\"contains-nightpark\">\n                <ul>\n                    <li data-id=\"1\" class=\"is-open undefined-level\"><span>DFD Post Box<\/span><\/li><li data-id=\"2\" class=\"is-open undefined-level\"><span>Butter Rail<\/span><\/li><li data-id=\"3\" class=\"is-open undefined-level\"><span>Knuckle<\/span><\/li><li data-id=\"4\" class=\"is-open undefined-level\"><span>Down Box<\/span><\/li><li data-id=\"5\" class=\"is-open undefined-level\"><span>Wave Box<\/span><\/li><li data-id=\"6\" class=\"is-open undefined-level\"><span>Fun Tube<\/span><\/li><li data-id=\"7\" class=\"is-closed undefined-level\"><span>Rainbow Wave Box<\/span><\/li><li data-id=\"8\" class=\"is-closed undefined-level\"><span>Straight Tube<\/span><\/li>                <\/ul>\n            <\/div>\n\t\t<\/div>\n\t<\/div>\n\t\t\n<\/div>\n","protected":false},"excerpt":{"rendered":"<p>Aperto nelle serate di marted\u00ec e venerd\u00ec, ore 19:00 \u2013 22:00 lungo la pista Obereggen (2A) e tutti i giorni dalle ore 8:30 \u2013 16:30. Ogni marted\u00ec e venerd\u00ec sera ci sar\u00e0 ad aspettarti una jib line perfettamente shepata e mantenuta quotidianamente dalla F-TECH crew. Dalle ore 19 alle ore 22 lungo la pista Obereggen [&hellip;]<\/p>\n","protected":false},"author":6,"featured_media":0,"parent":0,"menu_order":0,"comment_status":"closed","ping_status":"closed","template":"template-page-with-gallery.php","meta":{"footnotes":""},"class_list":["post-75","page","type-page","status-publish","hentry","odd"],"yoast_head":"<!-- This site is optimized with the Yoast SEO plugin v26.5 - https:\/\/yoast.com\/wordpress\/plugins\/seo\/ -->\n<title>Nightpark - Obereggen Snowpark<\/title>\n<meta name=\"robots\" content=\"index, follow, max-snippet:-1, max-image-preview:large, max-video-preview:-1\" \/>\n<link rel=\"canonical\" href=\"https:\/\/snowpark.latemar.it\/it\/nightpark\/\" \/>\n<meta property=\"og:locale\" content=\"it_IT\" \/>\n<meta property=\"og:type\" content=\"article\" \/>\n<meta property=\"og:title\" content=\"Nightpark - Obereggen Snowpark\" \/>\n<meta property=\"og:description\" content=\"Aperto nelle serate di marted\u00ec e venerd\u00ec, ore 19:00 \u2013 22:00 lungo la pista Obereggen (2A) e tutti i giorni dalle ore 8:30 \u2013 16:30. Ogni marted\u00ec e venerd\u00ec sera ci sar\u00e0 ad aspettarti una jib line perfettamente shepata e mantenuta quotidianamente dalla F-TECH crew. Dalle ore 19 alle ore 22 lungo la pista Obereggen [&hellip;]\" \/>\n<meta property=\"og:url\" content=\"https:\/\/snowpark.latemar.it\/it\/nightpark\/\" \/>\n<meta property=\"og:site_name\" content=\"Obereggen Snowpark\" \/>\n<meta property=\"article:modified_time\" content=\"2024-12-23T07:23:14+00:00\" \/>\n<meta name=\"twitter:card\" content=\"summary_large_image\" \/>\n<script type=\"application\/ld+json\" class=\"yoast-schema-graph\">{\"@context\":\"https:\/\/schema.org\",\"@graph\":[{\"@type\":\"WebPage\",\"@id\":\"https:\/\/snowpark.latemar.it\/it\/nightpark\/\",\"url\":\"https:\/\/snowpark.latemar.it\/it\/nightpark\/\",\"name\":\"Nightpark - Obereggen Snowpark\",\"isPartOf\":{\"@id\":\"https:\/\/snowpark.latemar.it\/it\/#website\"},\"datePublished\":\"2017-12-19T23:41:35+00:00\",\"dateModified\":\"2024-12-23T07:23:14+00:00\",\"breadcrumb\":{\"@id\":\"https:\/\/snowpark.latemar.it\/it\/nightpark\/#breadcrumb\"},\"inLanguage\":\"it-IT\",\"potentialAction\":[{\"@type\":\"ReadAction\",\"target\":[\"https:\/\/snowpark.latemar.it\/it\/nightpark\/\"]}]},{\"@type\":\"BreadcrumbList\",\"@id\":\"https:\/\/snowpark.latemar.it\/it\/nightpark\/#breadcrumb\",\"itemListElement\":[{\"@type\":\"ListItem\",\"position\":1,\"name\":\"Home\",\"item\":\"https:\/\/snowpark.latemar.it\/it\/\"},{\"@type\":\"ListItem\",\"position\":2,\"name\":\"Nightpark\"}]},{\"@type\":\"WebSite\",\"@id\":\"https:\/\/snowpark.latemar.it\/it\/#website\",\"url\":\"https:\/\/snowpark.latemar.it\/it\/\",\"name\":\"Obereggen Snowpark\",\"description\":\"Dolomites Snowpark &amp; Nightpark\",\"potentialAction\":[{\"@type\":\"SearchAction\",\"target\":{\"@type\":\"EntryPoint\",\"urlTemplate\":\"https:\/\/snowpark.latemar.it\/it\/?s={search_term_string}\"},\"query-input\":{\"@type\":\"PropertyValueSpecification\",\"valueRequired\":true,\"valueName\":\"search_term_string\"}}],\"inLanguage\":\"it-IT\"}]}<\/script>\n<!-- \/ Yoast SEO plugin. -->","yoast_head_json":{"title":"Nightpark - Obereggen Snowpark","robots":{"index":"index","follow":"follow","max-snippet":"max-snippet:-1","max-image-preview":"max-image-preview:large","max-video-preview":"max-video-preview:-1"},"canonical":"https:\/\/snowpark.latemar.it\/it\/nightpark\/","og_locale":"it_IT","og_type":"article","og_title":"Nightpark - Obereggen Snowpark","og_description":"Aperto nelle serate di marted\u00ec e venerd\u00ec, ore 19:00 \u2013 22:00 lungo la pista Obereggen (2A) e tutti i giorni dalle ore 8:30 \u2013 16:30. Ogni marted\u00ec e venerd\u00ec sera ci sar\u00e0 ad aspettarti una jib line perfettamente shepata e mantenuta quotidianamente dalla F-TECH crew. Dalle ore 19 alle ore 22 lungo la pista Obereggen [&hellip;]","og_url":"https:\/\/snowpark.latemar.it\/it\/nightpark\/","og_site_name":"Obereggen Snowpark","article_modified_time":"2024-12-23T07:23:14+00:00","twitter_card":"summary_large_image","schema":{"@context":"https:\/\/schema.org","@graph":[{"@type":"WebPage","@id":"https:\/\/snowpark.latemar.it\/it\/nightpark\/","url":"https:\/\/snowpark.latemar.it\/it\/nightpark\/","name":"Nightpark - Obereggen Snowpark","isPartOf":{"@id":"https:\/\/snowpark.latemar.it\/it\/#website"},"datePublished":"2017-12-19T23:41:35+00:00","dateModified":"2024-12-23T07:23:14+00:00","breadcrumb":{"@id":"https:\/\/snowpark.latemar.it\/it\/nightpark\/#breadcrumb"},"inLanguage":"it-IT","potentialAction":[{"@type":"ReadAction","target":["https:\/\/snowpark.latemar.it\/it\/nightpark\/"]}]},{"@type":"BreadcrumbList","@id":"https:\/\/snowpark.latemar.it\/it\/nightpark\/#breadcrumb","itemListElement":[{"@type":"ListItem","position":1,"name":"Home","item":"https:\/\/snowpark.latemar.it\/it\/"},{"@type":"ListItem","position":2,"name":"Nightpark"}]},{"@type":"WebSite","@id":"https:\/\/snowpark.latemar.it\/it\/#website","url":"https:\/\/snowpark.latemar.it\/it\/","name":"Obereggen Snowpark","description":"Dolomites Snowpark &amp; Nightpark","potentialAction":[{"@type":"SearchAction","target":{"@type":"EntryPoint","urlTemplate":"https:\/\/snowpark.latemar.it\/it\/?s={search_term_string}"},"query-input":{"@type":"PropertyValueSpecification","valueRequired":true,"valueName":"search_term_string"}}],"inLanguage":"it-IT"}]}},"_links":{"self":[{"href":"https:\/\/snowpark.latemar.it\/it\/wp-json\/wp\/v2\/pages\/75\/"}],"collection":[{"href":"https:\/\/snowpark.latemar.it\/it\/wp-json\/wp\/v2\/pages\/"}],"about":[{"href":"https:\/\/snowpark.latemar.it\/it\/wp-json\/wp\/v2\/types\/page\/"}],"author":[{"embeddable":true,"href":"https:\/\/snowpark.latemar.it\/it\/wp-json\/wp\/v2\/users\/6\/"}],"replies":[{"embeddable":true,"href":"https:\/\/snowpark.latemar.it\/it\/wp-json\/wp\/v2\/comments\/?post=75"}],"version-history":[{"count":0,"href":"https:\/\/snowpark.latemar.it\/it\/wp-json\/wp\/v2\/pages\/75\/revisions\/"}],"wp:attachment":[{"href":"https:\/\/snowpark.latemar.it\/it\/wp-json\/wp\/v2\/media\/?parent=75"}],"curies":[{"name":"wp","href":"https:\/\/api.w.org\/{rel}","templated":true}]}}